{"id":2910,"date":"2011-01-25T12:23:23","date_gmt":"2011-01-25T12:23:23","guid":{"rendered":"http:\/\/www.totemguard.com\/aulatotem\/?page_id=2"},"modified":"2025-06-14T07:58:42","modified_gmt":"2025-06-14T06:58:42","slug":"contacto","status":"publish","type":"page","link":"https:\/\/www.totemguard.com\/aulatotem\/contacto\/","title":{"rendered":"Sobre TotemGuard"},"content":{"rendered":"\n<h2 class=\"wp-block-heading\"><strong>\u00a1Te doy la bienvenida al blog de la Academy TotemGuard!<\/strong><\/h2>\n\n\n<div class=\"wp-block-image\">\n<figure class=\"alignleft size-large is-resized\"><img loading=\"lazy\" decoding=\"async\" width=\"682\" height=\"1024\" src=\"https:\/\/www.totemguard.com\/aulatotem\/wp-content\/uploads\/2014\/02\/meritxell-vinas-pinto-682x1024.jpg\" alt=\"meritxell vi\u00f1as autora blog recursos tic profesores totemguard\" class=\"wp-image-14078\" style=\"width:371px;height:558px\" srcset=\"https:\/\/www.totemguard.com\/aulatotem\/wp-content\/uploads\/2014\/02\/meritxell-vinas-pinto-682x1024.jpg 682w, https:\/\/www.totemguard.com\/aulatotem\/wp-content\/uploads\/2014\/02\/meritxell-vinas-pinto-199x300.jpg 199w, https:\/\/www.totemguard.com\/aulatotem\/wp-content\/uploads\/2014\/02\/meritxell-vinas-pinto-760x1140.jpg 760w, https:\/\/www.totemguard.com\/aulatotem\/wp-content\/uploads\/2014\/02\/meritxell-vinas-pinto-266x400.jpg 266w, https:\/\/www.totemguard.com\/aulatotem\/wp-content\/uploads\/2014\/02\/meritxell-vinas-pinto-82x123.jpg 82w, https:\/\/www.totemguard.com\/aulatotem\/wp-content\/uploads\/2014\/02\/meritxell-vinas-pinto.jpg 1417w\" sizes=\"auto, (max-width: 682px) 100vw, 682px\" \/><\/figure>\n<\/div>\n\n\n<p>Soy Meritxell Vi\u00f1as. Formadora en Nuevas Tecnolog\u00edas y Inteligencia Artificial Generativa (IAG) aplicada a la educaci\u00f3n. Llevo m\u00e1s de 15 a\u00f1os escribiendo en este este blog con el fin de aprender constantemente sobre la educaci\u00f3n y la tecnolog\u00eda.<\/p>\n\n\n\n<p>La misi\u00f3n de este blog es que los profesores encuentren consejos pr\u00e1cticos sobre el uso de la tecnolog\u00eda educativa y la IAG para mejorar el aprendizaje y la ense\u00f1anza. <\/p>\n\n\n\n<p>Ahora escribo especialmente sobre herramientas de IAG para la educaci\u00f3n, c\u00f3mo comunicarse con ChatGPT y similares y c\u00f3mo aprovechar la IA para implementar estrategias pedag\u00f3gicas m\u00e1s eficientes.<\/p>\n\n\n\n<p>Creo que la mejor manera de aprender algo es ense\u00f1arlo y de aqu\u00ed que mantenga este espacio profesional.<\/p>\n\n\n\n<p>Ense\u00f1o en&nbsp;<a aria-label=\" (opens in a new tab)\" href=\"https:\/\/www.totemguard.com\/aulatotem\/cursos-tic-competencias-digitales\/\" target=\"_blank\" rel=\"noreferrer noopener\">Academy TotemGuard<\/a>, en donde encontrar\u00e1s mis cursos en l\u00ednea para desarrollar tus competencias digitales a trav\u00e9s de v\u00eddeo tutoriales claros y concisos y actividades pr\u00e1cticas y mi feedback personal, para que aprendas haciendo.<\/p>\n\n\n\n<p>He tenido la suerte de poder compartir experiencias de aprendizaje con una gran diversidad de instituciones educativas y empresas (Colegio Montserrat de Barcelona, Fundaci\u00f3n UNED, Institut Catal\u00e0 de la Salut, Escuela Colombiana de Ingenier\u00eda, Benem\u00e9rita Universidad Aut\u00f3noma de Puebla en M\u00e9xico, Universidad de las Am\u00e9ricas Puebla (UDLAP), Diputaci\u00f3n de Barcelona, Universidad de Zaragoza, Colegios Regnum Christi, Misioneras de Nazaret, Highland School, Centro de Formaci\u00f3n del Profesorado de Castilla La Mancha,&nbsp;Fundaci\u00f3n Tecnol\u00f3gica de Costa Rica, etc.).<\/p>\n\n\n\n<p>En TotemGuard llevo m\u00e1s de 20 a\u00f1os ayudando a instituciones de todo tipo en proyectos de tecnolog\u00eda educativa. El objetivo es que los profesores, formadores, estudiantes y educadores puedan desarrollar competencias digitales y conocimientos en la inteligencia artificial con el fin de resolver problemas en la ense\u00f1anza, mejorar el aprendizaje de sus estudiantes, promocionar colaboraci\u00f3n y feedback y facilitar el trabajo en equipo.<\/p>\n\n\n\n<p>Intento siempre a trav\u00e9s de mis elaborados art\u00edculos y ebooks, aportar soluciones a problemas comunes del aula, recopilar a trav\u00e9s de mi investigaci\u00f3n datos interesantes sobre las TIC, la inteligencia artificial y sobre todo presentarte ideas originales que motiven a tus alumnos a aprender e innovar.<\/p>\n\n\n\n<p>Si quieres aprender de forma m\u00e1s r\u00e1pida, o eres un educador o docente que piensa que la formaci\u00f3n no puede quedar al margen de la tecnolog\u00eda educativa,\u00a0<strong><span style=\"color: #306181;\"><a href=\"https:\/\/academy.totemguard.com\/\" target=\"_blank\" rel=\"noopener\" title=\"\">suscr\u00edbete a TotemAI<\/a><\/span><\/strong>. Ser\u00e1 un honor formar parte de tu Entorno personal de Aprendizaje (PLE)<\/p>\n\n\n\n<div style=\"height:20px\" aria-hidden=\"true\" class=\"wp-block-spacer\"><\/div>\n\n\n\n<h4 class=\"wp-block-heading\">6 razones para suscribirte a Totem AI por email:<\/h4>\n\n\n\n<ul class=\"wp-block-list\">\n<li>Estar a la vanguardia de la ense\u00f1anza con IA, pedagog\u00eda y metodolog\u00eda educativa, sin haber de visitar la web para leer mis nuevos art\u00edculos o boletines informativos<\/li>\n<\/ul>\n\n\n\n<ul class=\"wp-block-list\">\n<li><strong>Trabajo con rigor<\/strong> y nunca recomiendo una tecnolog\u00eda que no haya experimentado yo misma y pueda confirmar su seguridad y potencial educativo. No quiero hacerte perder el tiempo.<\/li>\n<\/ul>\n\n\n\n<ul class=\"wp-block-list\">\n<li>La suscripci\u00f3n es <strong>gratuita<\/strong><\/li>\n<\/ul>\n\n\n\n<ul class=\"wp-block-list\">\n<li><strong>M\u00e1s de 150.000 suscriptores<\/strong>, y creciendo cada d\u00eda, avalan la calidad del contenido<\/li>\n\n\n\n<li>Si cambias de opini\u00f3n, en cualquier momento puedes darte de baja con tan s\u00f3lo pulsar un enlace directo<\/li>\n<\/ul>\n\n\n\n<ul class=\"wp-block-list\">\n<li>Te aseguro que no compartir\u00e9 tu informaci\u00f3n con nadie. A m\u00ed tampoco me gusta el spam<\/li>\n<\/ul>\n\n\n\n<p><strong>Tambi\u00e9n puedes contactar conmigo por cualquiera de los siguientes canales:<\/strong><\/p>\n\n\n\n<p><strong>email:<\/strong> comunicacion@totemguard.com<\/p>\n\n\n\n<p><strong>Tel\u00e9fono:<\/strong> +34932000088<\/p>\n\n\n\n<p><strong>Canal de YouTube<\/strong>: <a href=\"https:\/\/www.youtube.com\/user\/totemguard\/featured\">https:\/\/www.youtube.com\/user\/totemguard\/featured<\/a><\/p>\n\n\n\n<p><strong>Facebook<\/strong>: <a href=\"https:\/\/facebook.com\/totemguard\" target=\"_blank\" rel=\"noreferrer noopener\" aria-label=\" (opens in a new tab)\">https:\/\/facebook.com\/totemguard<\/a><\/p>\n\n\n\n<p><strong>Instagram<\/strong>: <a href=\"https:\/\/instagram.com\/totemguard\" target=\"_blank\" rel=\"noreferrer noopener\" aria-label=\" (opens in a new tab)\">@totemguard<\/a><\/p>\n\n\n\n<p><strong>X (antes Twitter)<\/strong>: <a href=\"https:\/\/twitter.com\/totemguard\" target=\"_blank\" rel=\"noopener noreferrer\">@totemguard<\/a><\/p>\n\n\n\n<p><strong>Linkedin:<\/strong>&nbsp;<a href=\"https:\/\/es.linkedin.com\/in\/meritxellvinaspinto\" target=\"_blank\" rel=\"noopener noreferrer\">https:\/\/es.linkedin.com\/in\/meritxellvinaspinto<\/a><\/p>\n\n\n\n<p>&nbsp;<\/p>\n","protected":false},"excerpt":{"rendered":"<p>\u00a1Te doy la bienvenida al blog de la Academy TotemGuard! Soy Meritxell Vi\u00f1as. Formadora en Nuevas Tecnolog\u00edas y Inteligencia Artificial Generativa (IAG) aplicada a la educaci\u00f3n. Llevo m\u00e1s de 15 a\u00f1os escribiendo en este este blog con el fin de aprender constantemente sobre la educaci\u00f3n y la tecnolog\u00eda. La misi\u00f3n de este blog es que [&hellip;]<\/p>\n","protected":false},"author":1,"featured_media":0,"parent":0,"menu_order":2,"comment_status":"closed","ping_status":"open","template":"","meta":{"jetpack_post_was_ever_published":false,"footnotes":""},"class_list":["post-2910","page","type-page","status-publish","hentry"],"aioseo_notices":[],"jetpack_sharing_enabled":true,"_links":{"self":[{"href":"https:\/\/www.totemguard.com\/aulatotem\/wp-json\/wp\/v2\/pages\/2910","targetHints":{"allow":["GET"]}}],"collection":[{"href":"https:\/\/www.totemguard.com\/aulatotem\/wp-json\/wp\/v2\/pages"}],"about":[{"href":"https:\/\/www.totemguard.com\/aulatotem\/wp-json\/wp\/v2\/types\/page"}],"author":[{"embeddable":true,"href":"https:\/\/www.totemguard.com\/aulatotem\/wp-json\/wp\/v2\/users\/1"}],"replies":[{"embeddable":true,"href":"https:\/\/www.totemguard.com\/aulatotem\/wp-json\/wp\/v2\/comments?post=2910"}],"version-history":[{"count":207,"href":"https:\/\/www.totemguard.com\/aulatotem\/wp-json\/wp\/v2\/pages\/2910\/revisions"}],"predecessor-version":[{"id":28865,"href":"https:\/\/www.totemguard.com\/aulatotem\/wp-json\/wp\/v2\/pages\/2910\/revisions\/28865"}],"wp:attachment":[{"href":"https:\/\/www.totemguard.com\/aulatotem\/wp-json\/wp\/v2\/media?parent=2910"}],"curies":[{"name":"wp","href":"https:\/\/api.w.org\/{rel}","templated":true}]}}