{"id":27152,"date":"2024-02-01T16:39:02","date_gmt":"2024-02-01T15:39:02","guid":{"rendered":"https:\/\/www.totemguard.com\/aulatotem\/?page_id=27152"},"modified":"2025-12-21T13:26:40","modified_gmt":"2025-12-21T12:26:40","slug":"test-inteligencia-artificial-educacion-profesores","status":"publish","type":"page","link":"https:\/\/www.totemguard.com\/aulatotem\/test-inteligencia-artificial-educacion-profesores\/","title":{"rendered":"Evalua tus conocimientos sobre la inteligencia artificial. Ponte a prueba"},"content":{"rendered":"<h2>Entender la IA es el primer paso&nbsp;para convertirla en tu aliada&nbsp;<\/h2>\n<h2>Eval\u00faa tu nivel de competencia&nbsp;en s\u00f3lo 3 minutos<\/h2>\n<p><a aria-label=\"Button link\" href=\"https:\/\/www.totemguard.com\/aulatotem\/test-inteligencia-artificial-preguntas\" class=\"op3-element__tcp--non-a op3-link op3-background-ancestor\" target=\"_blank\"  data-op-action=\"link\" data-op-select-funnel-step=\"\" data-op3-smooth-scroll=\"0\" data-op-effect-style=\"\" data-op-effect-style-hover=\"\" data-op-courseaction=\"\">EMPIEZA EL TEST AHORA<\/a><\/p>\n<p>La IA est\u00e1 transformando el \u00e1mbito educativo, y entenderla es clave para&nbsp;gestionar eficazmente tus clases y enriquecer la experiencia de aprendizaje de tus estudiantes o empleados.<\/p>\n<p>La IA no es un rival, sino una herramienta que, bien utilizada, potencia tu ense\u00f1anza y te hace m\u00e1s productivo.<\/p>\n<p>No te quedes atr\u00e1s. Ten un primer diagn\u00f3stico.<\/p>\n<p><a aria-label=\"Button link\" href=\"https:\/\/www.totemguard.com\/aulatotem\/test-inteligencia-artificial-preguntas\" class=\"op3-element__tcp--non-a op3-link op3-background-ancestor\" target=\"_blank\"  data-op-action=\"link\" data-op-select-funnel-step=\"\" data-op3-smooth-scroll=\"0\" data-op-effect-style=\"\" data-op-effect-style-hover=\"\" data-op-courseaction=\"\">P\u00d3NTE A PRUEBA<\/a><\/p>\n<p>El test eval\u00faa cuatro secciones principales de la IA: Comprensi\u00f3n b\u00e1sica de conceptos, funcionamiento de los grandes modelos ling\u00fc\u00edsticos (LLM) como ChatGPT, aplicaci\u00f3n pr\u00e1ctica y la \u00e9tica y uso responsable de la IA.<\/p>\n<p>DA EL PRIMER PASO<\/p>\n<h2>Calma tus inquietudes. Abraza sus posibilidades.<\/h2>\n<h4>Resultados&nbsp;<\/h4>\n<p>Recibir\u00e1s una explicaci\u00f3n detallada de los resultados correctos del test, que te permitir\u00e1 enfocar tus esfuerzos de formaci\u00f3n de manera m\u00e1s efectiva.<\/p>\n<h4>Recursos gratuitos<\/h4>\n<p>Accede a mis recursos IA gratuitos y publicaciones frecuentes para marcar la diferencia en tu trabajo y estar al d\u00eda en esta revoluci\u00f3n educativa.<\/p>\n<h4>Asesoramiento&nbsp;<\/h4>\n<p>Empieza con el test y te asesoramos en la formaci\u00f3n m\u00e1s efectiva. Conocer la IA te permitir\u00e1 guiar a tus estudiantes o empleados a usarla de forma&nbsp;responsable y \u00e9tica.&nbsp;<\/p>\n<p>S\u00ed, quiero evaluar mis conocimientos de IA y poder utilizarla a mi favor.<\/p>\n<p><a aria-label=\"Button link\" href=\"https:\/\/www.totemguard.com\/aulatotem\/test-inteligencia-artificial-preguntas\" class=\"op3-element__tcp--non-a op3-link op3-background-ancestor\" target=\"_blank\"  data-op-action=\"link\" data-op-select-funnel-step=\"\" data-op3-smooth-scroll=\"0\" data-op-effect-style=\"\" data-op-effect-style-hover=\"\" data-op-courseaction=\"\">EMPIEZA EL TEST AHORA<\/a><\/p>\n<p>\u00a9 2024 Academy TotemGuard. Todos los derechos reservados.<\/p>\n","protected":false},"excerpt":{"rendered":"<p>Entender la IA es el primer paso&nbsp;para convertirla en tu aliada&nbsp; Eval\u00faa tu nivel de competencia&nbsp;en s\u00f3lo 3 minutos EMPIEZA EL TEST AHORA La IA est\u00e1 transformando el \u00e1mbito educativo, y entenderla es clave para&nbsp;gestionar eficazmente tus clases y enriquecer la experiencia de aprendizaje de tus estudiantes o empleados. La IA no es un rival, [&hellip;]<\/p>\n","protected":false},"author":2,"featured_media":27219,"parent":0,"menu_order":0,"comment_status":"closed","ping_status":"closed","template":"op_builder_blank","meta":{"jetpack_post_was_ever_published":false,"footnotes":""},"class_list":["post-27152","page","type-page","status-publish","has-post-thumbnail","hentry"],"aioseo_notices":[],"jetpack_sharing_enabled":true,"_links":{"self":[{"href":"https:\/\/www.totemguard.com\/aulatotem\/wp-json\/wp\/v2\/pages\/27152","targetHints":{"allow":["GET"]}}],"collection":[{"href":"https:\/\/www.totemguard.com\/aulatotem\/wp-json\/wp\/v2\/pages"}],"about":[{"href":"https:\/\/www.totemguard.com\/aulatotem\/wp-json\/wp\/v2\/types\/page"}],"author":[{"embeddable":true,"href":"https:\/\/www.totemguard.com\/aulatotem\/wp-json\/wp\/v2\/users\/2"}],"replies":[{"embeddable":true,"href":"https:\/\/www.totemguard.com\/aulatotem\/wp-json\/wp\/v2\/comments?post=27152"}],"version-history":[{"count":58,"href":"https:\/\/www.totemguard.com\/aulatotem\/wp-json\/wp\/v2\/pages\/27152\/revisions"}],"predecessor-version":[{"id":29766,"href":"https:\/\/www.totemguard.com\/aulatotem\/wp-json\/wp\/v2\/pages\/27152\/revisions\/29766"}],"wp:featuredmedia":[{"embeddable":true,"href":"https:\/\/www.totemguard.com\/aulatotem\/wp-json\/wp\/v2\/media\/27219"}],"wp:attachment":[{"href":"https:\/\/www.totemguard.com\/aulatotem\/wp-json\/wp\/v2\/media?parent=27152"}],"curies":[{"name":"wp","href":"https:\/\/api.w.org\/{rel}","templated":true}]}}