{"id":25484,"date":"2023-04-18T11:30:47","date_gmt":"2023-04-18T10:30:47","guid":{"rendered":"https:\/\/www.totemguard.com\/aulatotem\/?page_id=25484"},"modified":"2025-12-21T17:39:39","modified_gmt":"2025-12-21T16:39:39","slug":"ebook-chatgpt-prompts-instrucciones-aprender","status":"publish","type":"page","link":"https:\/\/www.totemguard.com\/aulatotem\/ebook-chatgpt-prompts-instrucciones-aprender\/","title":{"rendered":"ChatGPT para profesores: Plantillas para crear prompts efectivos para la ense\u00f1anza"},"content":{"rendered":"<h2>ChatGPT para profesores: Plantillas para crear prompts efectivos para la ense\u00f1anza.<\/h2>\n<h2>Descubre c\u00f3mo crear instrucciones potentes (prompts) para ahorrar tiempo, mejorar la productividad y obtener mejores resultados en cualquier aprendizaje.<\/h2>\n<p><img decoding=\"async\"  class=\"op3-element__image op3-element-image__image\" src=\"https:\/\/www.totemguard.com\/aulatotem\/wp-content\/uploads\/2025\/12\/annihuestis_httpss.mj_.run8fTOtKVrENE_make_the_same_image_but__d8a05cf4-75ec-4596-9ee2-0643031711c4_2.png\" alt=\"\" title=\"annihuestis_httpss.mj.run8fTOtKVrENE_make_the_same_image_but__d8a05cf4-75ec-4596-9ee2-0643031711c4_2\" width=\"1024\" height=\"1024\" data-op3-attachment-id=\"29756\" loading=\"eager\" fetchpriority=\"high\" \/><\/p>\n<h2>He recopilado las mejores instrucciones&nbsp;para que puedas experimentar con ellas y crear las tuyas propias partiendo de esta base.<\/h2>\n<h2>Transforma ChatGPT en tu&nbsp;asistente personal&nbsp;<\/h2>\n<h2>Desata su potencial educativo con estas 17 instrucciones detalladas (\u00abPrompts\u00bb)\u00a1Te quedar\u00e1s con la boca abierta!<\/h2>\n<p>Descarga esta gu\u00eda gratuita :<\/p>\n<p>He leido y acepto la <a href=\"https:\/\/www.totemguard.com\/aulatotem\/politica-de-privacidad\/\" target=\"_blank\">pol\u00edtica de privacidad<\/a><a aria-label=\"Button link\" href=\"#\" class=\"op3-element__tcp--non-a op3-link op3-background-ancestor\" target=\"_self\"  data-op-action=\"link\" data-op-select-funnel-step=\"\" data-op3-smooth-scroll=\"0\" data-op-effect-style=\"\" data-op-effect-style-hover=\"\" data-op-courseaction=\"\">descarga ahora<\/a><\/p>\n<p>Respetamos tu privacidad. Puedes darte de baja en cualquier momento.<\/p>\n<h2>Esta gu\u00eda te ayudar\u00e1 a:<\/h2>\n<p>Crear mapas mentales e importarlos autom\u00e1ticamente en una herramienta como Mindomo o similar&nbsp;Crear una p\u00e1gina web con simples instrucciones sin saber programaci\u00f3nExtraer y clasificar informaci\u00f3n de un texto, estudio cient\u00edfico, libro, PDF&#8230;Resolver dudas y lagunas de comprensi\u00f3n en cualquier aprendizaje, ya sea simple o muy complejo&nbsp;Analizar datos&nbsp;para determinar patrones, relaciones o tendencias.Tener un asistente de pronunciaci\u00f3n en un idioma extranjeroC\u00f3mo obtener el resumen de un libro por cap\u00edtulosCrear un plan de estudio con desglose de fechas y horasCrear \u00abflashcards\u00bb para el recuerdo activo e importar las tarjetas autom\u00e1ticamente a Anki o Quizlet.Generar preguntas de pr\u00e1ctica, tests o frases con espacios en blanco e importarlas a Moodle u otras plataformas LMSHacer una redacci\u00f3n con un formato o estilo concreto&nbsp;Obtener f\u00f3rmulas de excel o Google sheets con tan s\u00f3lo una descripci\u00f3nObt\u00e9n una calificaci\u00f3n y retroalimentaci\u00f3n detallada de un ejercicio o redacci\u00f3n&nbsp;C\u00f3mo superar el l\u00edmite de palabras de ChatGPT 3.5<\/p>\n<p>Copyright \u00a9&nbsp;Academy TotemGuard 2025<\/p>\n","protected":false},"excerpt":{"rendered":"<p>ChatGPT para profesores: Plantillas para crear prompts efectivos para la ense\u00f1anza. Descubre c\u00f3mo crear instrucciones potentes (prompts) para ahorrar tiempo, mejorar la productividad y obtener mejores resultados en cualquier aprendizaje. He recopilado las mejores instrucciones&nbsp;para que puedas experimentar con ellas y crear las tuyas propias partiendo de esta base. Transforma ChatGPT en tu&nbsp;asistente personal&nbsp; Desata [&hellip;]<\/p>\n","protected":false},"author":2,"featured_media":25682,"parent":0,"menu_order":0,"comment_status":"closed","ping_status":"closed","template":"op_builder_blank","meta":{"jetpack_post_was_ever_published":false,"footnotes":""},"class_list":["post-25484","page","type-page","status-publish","has-post-thumbnail","hentry"],"aioseo_notices":[],"jetpack_sharing_enabled":true,"_links":{"self":[{"href":"https:\/\/www.totemguard.com\/aulatotem\/wp-json\/wp\/v2\/pages\/25484","targetHints":{"allow":["GET"]}}],"collection":[{"href":"https:\/\/www.totemguard.com\/aulatotem\/wp-json\/wp\/v2\/pages"}],"about":[{"href":"https:\/\/www.totemguard.com\/aulatotem\/wp-json\/wp\/v2\/types\/page"}],"author":[{"embeddable":true,"href":"https:\/\/www.totemguard.com\/aulatotem\/wp-json\/wp\/v2\/users\/2"}],"replies":[{"embeddable":true,"href":"https:\/\/www.totemguard.com\/aulatotem\/wp-json\/wp\/v2\/comments?post=25484"}],"version-history":[{"count":65,"href":"https:\/\/www.totemguard.com\/aulatotem\/wp-json\/wp\/v2\/pages\/25484\/revisions"}],"predecessor-version":[{"id":29770,"href":"https:\/\/www.totemguard.com\/aulatotem\/wp-json\/wp\/v2\/pages\/25484\/revisions\/29770"}],"wp:featuredmedia":[{"embeddable":true,"href":"https:\/\/www.totemguard.com\/aulatotem\/wp-json\/wp\/v2\/media\/25682"}],"wp:attachment":[{"href":"https:\/\/www.totemguard.com\/aulatotem\/wp-json\/wp\/v2\/media?parent=25484"}],"curies":[{"name":"wp","href":"https:\/\/api.w.org\/{rel}","templated":true}]}}