{"id":19099,"date":"2019-03-18T17:41:16","date_gmt":"2019-03-18T16:41:16","guid":{"rendered":"https:\/\/www.totemguard.com\/aulatotem\/?page_id=19099"},"modified":"2020-05-12T11:29:15","modified_gmt":"2020-05-12T10:29:15","slug":"recursos","status":"publish","type":"page","link":"https:\/\/www.totemguard.com\/aulatotem\/recursos\/","title":{"rendered":"Recursos"},"content":{"rendered":"\n<h4 class=\"wp-block-heading\">\u00a1Aqu\u00ed tienes una lista de los recursos, aplicaciones y herramientas que te ayudar\u00e1n en las distintas facetas de tu trabajo de docente!<\/h4>\n\n\n\n<p>Muchos profesores y profesoras me preguntan a menudo qu\u00e9 recursos considero esenciales en mi labor profesional como formadora.&nbsp;Hay tantas opciones que sienten abrumados a la hora de elegir.<\/p>\n\n\n\n<p>A continuaci\u00f3n encontrar\u00e1s una lista de las herramientas y software que utilizo a diario, para publicar en el blog, para crear cursos online, para elaborar v\u00eddeo tutoriales y presentaciones y para organizar toda la informaci\u00f3n digital.<\/p>\n\n\n\n<p>Todos los recursos y servicios mencionados en esta p\u00e1gina los utilizo personalmente y a medida que voy descubriendo e incorporando nuevas herramientas, actualizo esta p\u00e1gina.<\/p>\n\n\n\n<h3 class=\"wp-block-heading\">Creaci\u00f3n de v\u00eddeo tutoriales (MAC y Windows)<\/h3>\n\n\n\n<div class=\"wp-block-image\"><figure class=\"alignleft\"><img loading=\"lazy\" decoding=\"async\" width=\"150\" height=\"150\" src=\"https:\/\/www.totemguard.com\/aulatotem\/wp-content\/uploads\/2018\/05\/Screenflow-editor-video-mac-150x150.png\" alt=\"\" class=\"wp-image-18842\" srcset=\"https:\/\/www.totemguard.com\/aulatotem\/wp-content\/uploads\/2018\/05\/Screenflow-editor-video-mac-150x150.png 150w, https:\/\/www.totemguard.com\/aulatotem\/wp-content\/uploads\/2018\/05\/Screenflow-editor-video-mac-35x35.png 35w, https:\/\/www.totemguard.com\/aulatotem\/wp-content\/uploads\/2018\/05\/Screenflow-editor-video-mac-82x82.png 82w, https:\/\/www.totemguard.com\/aulatotem\/wp-content\/uploads\/2018\/05\/Screenflow-editor-video-mac.png 246w\" sizes=\"auto, (max-width: 150px) 100vw, 150px\" \/><\/figure><\/div>\n\n\n\n<p><strong>Screenflow (para MAC):<\/strong> Utilizo este software para grabar y editar los v\u00eddeo tutoriales que presento en este blog, en mis cursos online y en las redes sociales. Permite la captura de la pantalla del ordenador para enriquecer una lecci\u00f3n, mostrar una aplicaci\u00f3n web y grabarte al mismo tiempo con la webcam incorporada en el ordenador. Destacar\u00eda que es sencilla de usar pero ofrece prestaciones avanzadas como la croma para cambiar el escenario de fondo de un v\u00eddeo, transiciones, filtros, zoom, animaciones de texto, creaci\u00f3n de GIFs, pixelado y aceleraci\u00f3n de v\u00eddeo.<\/p>\n\n\n\n<p><a class=\"primarybutton\" href=\"https:\/\/telestream.pxf.io\/c\/1240844\/349308\/4900\" target=\"_blank\" rel=\"noopener noreferrer\">PRUEBA SCREENFLOW<\/a><\/p>\n\n\n\n<div class=\"wp-block-image\"><figure class=\"alignleft\"><img loading=\"lazy\" decoding=\"async\" width=\"150\" height=\"150\" src=\"https:\/\/www.totemguard.com\/aulatotem\/wp-content\/uploads\/2018\/05\/Camtasia-editor-video-windows-150x150.png\" alt=\"\" class=\"wp-image-18849\" srcset=\"https:\/\/www.totemguard.com\/aulatotem\/wp-content\/uploads\/2018\/05\/Camtasia-editor-video-windows-150x150.png 150w, https:\/\/www.totemguard.com\/aulatotem\/wp-content\/uploads\/2018\/05\/Camtasia-editor-video-windows-35x35.png 35w, https:\/\/www.totemguard.com\/aulatotem\/wp-content\/uploads\/2018\/05\/Camtasia-editor-video-windows-82x82.png 82w, https:\/\/www.totemguard.com\/aulatotem\/wp-content\/uploads\/2018\/05\/Camtasia-editor-video-windows.png 246w\" sizes=\"auto, (max-width: 150px) 100vw, 150px\" \/><\/figure><\/div>\n\n\n\n<p><strong>Camtasia (para Windows y MAC):<\/strong> Antes de empezar a grabar v\u00eddeo tutoriales con un MAC, utilizaba Camtasia en mi PC. Ofrece las mismas prestaciones de grabaci\u00f3n y edici\u00f3n que Screenflow siendo la mejor opci\u00f3n si trabajas con Windows. Como punto diferencial permite importar presentaciones de PowerPoint y a\u00f1adir encuestas y tests en el v\u00eddeo.<\/p>\n\n\n\n<p><a href=\"https:\/\/www.techsmith.com\/video-editor.html?utm_source=fastspring&amp;utm_medium=affiliates&amp;utm_content=TotemGuard&amp;irgwc=1&amp;clickid=UM92y-wkixyOTg%3AwUx0Mo3EWUkiw23y9Expw0Y0\" target=\"_blank\" rel=\"noreferrer noopener\" aria-label=\" (opens in a new tab)\">PRUEBA CAMTASIA<\/a><\/p>\n\n\n\n<div class=\"wp-block-image\"><figure class=\"alignleft\"><img loading=\"lazy\" decoding=\"async\" width=\"300\" height=\"175\" src=\"https:\/\/www.totemguard.com\/aulatotem\/wp-content\/uploads\/2018\/05\/Microfono-externo-blue-nessie-300x175.jpg\" alt=\"\" class=\"wp-image-18865\" srcset=\"https:\/\/www.totemguard.com\/aulatotem\/wp-content\/uploads\/2018\/05\/Microfono-externo-blue-nessie.jpg 300w, https:\/\/www.totemguard.com\/aulatotem\/wp-content\/uploads\/2018\/05\/Microfono-externo-blue-nessie-82x48.jpg 82w\" sizes=\"auto, (max-width: 300px) 100vw, 300px\" \/><\/figure><\/div>\n\n\n\n<p><strong>Micr\u00f3fono Blue Nessie para PC y MAC<\/strong>: Obtener un audio de calidad al grabar un v\u00eddeo no es tan f\u00e1cil como parece. Tras probar y usar varios micr\u00f3fonos externos, recomiendo Blue Nessie por su calidad destacando su capacidad de aislar el ruido exterior de tu entorno mientras realizas la grabaci\u00f3n. Se conecta v\u00eda USB al ordenador y aunque el precio de entrada pueda aparecer elevado, si vas a grabar v\u00eddeos con frecuencia, vale la pena invertir en un buen micr\u00f3fono para obtener una voz clara y n\u00edtida. Crear un v\u00eddeo con un audio de mala calidad es una p\u00e9rdida de tiempo.<\/p>\n\n\n\n<p><a class=\"primarybutton\" href=\"https:\/\/amzn.to\/2mdyuAH\" target=\"_blank\" rel=\"noopener noreferrer\">EMPIEZA A GRABAR<\/a><\/p>\n\n\n\n<div class=\"wp-block-image\"><figure class=\"alignleft\"><img loading=\"lazy\" decoding=\"async\" width=\"151\" height=\"157\" src=\"https:\/\/www.totemguard.com\/aulatotem\/wp-content\/uploads\/2018\/05\/Webcam_logitech_c920_video_tutorial.jpg\" alt=\"Webcam_logitech_c920_video_tutorial\" class=\"wp-image-18907\" srcset=\"https:\/\/www.totemguard.com\/aulatotem\/wp-content\/uploads\/2018\/05\/Webcam_logitech_c920_video_tutorial.jpg 151w, https:\/\/www.totemguard.com\/aulatotem\/wp-content\/uploads\/2018\/05\/Webcam_logitech_c920_video_tutorial-35x35.jpg 35w, https:\/\/www.totemguard.com\/aulatotem\/wp-content\/uploads\/2018\/05\/Webcam_logitech_c920_video_tutorial-82x85.jpg 82w\" sizes=\"auto, (max-width: 151px) 100vw, 151px\" \/><\/figure><\/div>\n\n\n\n<p><strong><\/strong><strong><br>Webcam Logitech C920 HD Pro (Windows, MAC y Chrome)<\/strong>: Si quieres grabarte hablando mientras captas la pantalla del ordenador en un tutorial,&nbsp;ver\u00e1s que con la webcam incorporada en el ordenador no apareces muy favorecido. La webcam alternativa que utilizo es la c\u00e1mara de Logitech C920 HD, que graba en alta resoluci\u00f3n HD 1080p y dispone de un enfoque autom\u00e1tico que permite una imagen n\u00edtida. Puedes usarla tambi\u00e9n para asistir a videoconferencias en Skype, Zoom o Google Hangouts.<\/p>\n\n\n\n<p><a class=\"primarybutton\" href=\"https:\/\/amzn.to\/2HEm5Sg\" target=\"_blank\" rel=\"noopener noreferrer\">GRABA CON LOGITECH C920 HD<\/a><\/p>\n\n\n\n<div class=\"wp-block-image\"><figure class=\"alignleft size-large\"><img loading=\"lazy\" decoding=\"async\" width=\"300\" height=\"221\" src=\"https:\/\/www.totemguard.com\/aulatotem\/wp-content\/uploads\/2020\/02\/Microfono_BOYA_BY-M1_Lavalier.jpg\" alt=\"Microfono_BOYA_BY-M1_Lavalier\" class=\"wp-image-21295\"\/><\/figure><\/div>\n\n\n\n<p><strong>Micr\u00f3fono BOYA BY-M1 Lavalier para PC, tableta Android y iPad<\/strong>: Cuando utilizo la tableta para grabar v\u00eddeo tutoriales o realizar video conferencias, conecto este micr\u00f3fono de solapa para mejorar la calidad del audio. Como el cable es muy largo, me permite moverme libremente durante la grabaci\u00f3n. Puedes conectarlo al ordenador, tableta o tambi\u00e9n una <a href=\"https:\/\/amzn.to\/2GSgRCQ\" target=\"_blank\" rel=\"noopener noreferrer\">c\u00e1mara DSLR<\/a>. Su calidad con respecto a su precio es inmejorable.<\/p>\n\n\n\n<p><a class=\"primarybutton\" href=\"https:\/\/amzn.to\/2uumTAR\" target=\"_blank\" rel=\"noopener noreferrer\">EMPIEZA A GRABAR<\/a><\/p>\n\n\n\n<h3 class=\"wp-block-heading\">Creaci\u00f3n de v\u00eddeo tutoriales y lecciones multimedia (iPad y Android)<\/h3>\n\n\n\n<p>Cada vez los docentes trabajamos m\u00e1s con la tableta que con el ordenador. Su movilidad, facilidad de uso y su c\u00e1mara de fotos y v\u00eddeo incorporada la hacen ideal para el aprendizaje y creaci\u00f3n de materiales did\u00e1cticos.<\/p>\n\n\n\n<p><strong>Filmic Pro&nbsp;<\/strong><strong>para <a href=\"https:\/\/itunes.apple.com\/app\/apple-store\/id436577167?mt=8\" target=\"_blank\" rel=\"noopener noreferrer\">iPad<\/a>, <a href=\"https:\/\/itunes.apple.com\/app\/apple-store\/id436577167?mt=8\" target=\"_blank\" rel=\"noopener noreferrer\">iPhone<\/a> y <a href=\"https:\/\/play.google.com\/store\/apps\/developer?id=FiLMiC+Inc.\" target=\"_blank\" rel=\"noopener noreferrer\">Android<\/a>:&nbsp;<\/strong>Si la c\u00e1mara que ofrece tu dispositivo m\u00f3vil por defecto se te ha quedado corta, esta app ofrece la posibilidad de grabar v\u00eddeos profesionales con control de exposici\u00f3n y enfoque, establecer diferentes resoluciones y ajustar los cuadros por segundo.<\/p>\n\n\n\n<p><strong>LumaFusion para <a href=\"https:\/\/itunes.apple.com\/es\/app\/lumafusion\/id1062022008?mt=8\" target=\"_blank\" rel=\"noopener noreferrer\">iPad<\/a><\/strong>: Si el editor de iMovie te parece limitado, esta app te permite editar v\u00eddeos con las funcionalidades profesionales de los editores de PC.<\/p>\n\n\n\n<p><strong>Explain Everything para <a href=\"https:\/\/itunes.apple.com\/us\/app\/explain-edu\/id431493086#?platform=ipad\" target=\"_blank\" rel=\"noopener noreferrer\">iPad<\/a> y <a href=\"https:\/\/play.google.com\/store\/apps\/details?id=com.explaineverything.explaineverything&amp;&amp;referrer=utm_campaign%3DExplain%252520Everything%252520Web%252520Page%252520(Android)%26utm_medium%3Dad-analytics%26utm_content%3D3a521ec1-81c0-4689-91ce-6dcf3c875f60%26utm_source%3Dflurry\" target=\"_blank\" rel=\"noopener noreferrer\">Android<\/a><\/strong>: Una aplicaci\u00f3n que convierte la tableta en una pizarra digital y me encanta usar cuando necesito explicar un concepto escribiendo en el iPad con un l\u00e1piz digital.<\/p>\n\n\n\n<p><strong>Gu\u00eda \u00abTablet en el aula: Competencias Digitales y Apps educativas\u00bb:&nbsp;<\/strong>35 p\u00e1ginas ilustradas con una explicaci\u00f3n detallada de los principales aspectos a tener en cuenta en la implementaci\u00f3n de las tablets en el aula para obtener un impacto significativo en el aprendizaje.<\/p>\n\n\n\n<p><a class=\"primarybutton\" href=\"https:\/\/cursoipad.com\/ebook-tabletas-educacion-ventajas-retos\/\" target=\"_blank\" rel=\"noopener noreferrer\">DESCARGA EBOOK<\/a><\/p>\n\n\n\n<h3 class=\"wp-block-heading\">&nbsp;<\/h3>\n\n\n\n<h3 class=\"wp-block-heading\">Creaci\u00f3n de infograf\u00edas sin saber dise\u00f1o gr\u00e1fico<\/h3>\n\n\n\n<p>Las infograf\u00edas son representaciones visuales de informaci\u00f3n y datos. En los \u00faltimos a\u00f1os se han popularizado en Internet y uno de los art\u00edculos m\u00e1s visitados en este blog especifica las mejores herramientas online para crear infograf\u00edas a partir de plantillas, iconos y figuras geom\u00e9tricas.<\/p>\n\n\n\n<p><a class=\"primarybutton\" href=\"https:\/\/www.totemguard.com\/aulatotem\/2012\/04\/como-crear-bellas-infografias-sin-saber-diseno-grafico\/\" target=\"_blank\" rel=\"noopener noreferrer\">COMIENZA A DISE\u00d1AR<\/a><\/p>\n\n\n\n<h3 class=\"wp-block-heading\">Creaci\u00f3n de presentaciones y ebooks<\/h3>\n\n\n\n<div style=\"height:20px\" aria-hidden=\"true\" class=\"wp-block-spacer\"><\/div>\n\n\n\n<p>Para crear presentaciones y ebooks vistosos utilizo PowerPoint y Keynote mayoritariamente, utilizando plantillas predise\u00f1adas que permitan ilustrar un tema con im\u00e1genes, iconos, infograf\u00edas, mapas y diagramas que ya vienen incorporadas y pueden adaptarse a tu objetivo de aprendizaje.<\/p>\n\n\n\n<div class=\"wp-block-button alignleft is-style-outline is-style-outline--1\"><a class=\"wp-block-button__link has-text-color has-very-light-gray-color has-background\" href=\"http:\/\/1.envato.market\/0O6QV\" style=\"background-color:#ff7f43;border-radius:1px\" target=\"_blank\" rel=\"noreferrer noopener\">Encuentra una plantilla para PowerPoint  \u25ba<\/a><\/div>\n\n\n\n<div style=\"height:20px\" aria-hidden=\"true\" class=\"wp-block-spacer\"><\/div>\n\n\n\n<div class=\"wp-block-button alignleft is-style-outline is-style-outline--2\"><a class=\"wp-block-button__link has-text-color has-very-light-gray-color has-background\" href=\"http:\/\/1.envato.market\/eB04j\" style=\"background-color:#ff7f43;border-radius:1px\" target=\"_blank\" rel=\"noreferrer noopener\">Encuentra una plantilla para Keynote  \u25ba<\/a><\/div>\n\n\n\n<div style=\"height:20px\" aria-hidden=\"true\" class=\"wp-block-spacer\"><\/div>\n\n\n\n<div style=\"height:50px\" aria-hidden=\"true\" class=\"wp-block-spacer\"><\/div>\n\n\n\n<h3 class=\"wp-block-heading\">Servicios de Almacenamiento en la nube<\/h3>\n\n\n\n<div style=\"height:20px\" aria-hidden=\"true\" class=\"wp-block-spacer\"><\/div>\n\n\n\n<div class=\"wp-block-image\"><figure class=\"alignleft is-resized\"><img loading=\"lazy\" decoding=\"async\" src=\"https:\/\/www.totemguard.com\/aulatotem\/wp-content\/uploads\/2018\/05\/Dropbox.png\" alt=\"Dropbox almacenar archivos\" class=\"wp-image-18927\" width=\"145\" height=\"134\" srcset=\"https:\/\/www.totemguard.com\/aulatotem\/wp-content\/uploads\/2018\/05\/Dropbox.png 233w, https:\/\/www.totemguard.com\/aulatotem\/wp-content\/uploads\/2018\/05\/Dropbox-82x76.png 82w\" sizes=\"auto, (max-width: 145px) 100vw, 145px\" \/><\/figure><\/div>\n\n\n\n<p><strong>Dropbox:<\/strong>&nbsp;Para almacenar y asegurar que siempre dispongo de una copia de seguridad de todos mis archivos en la nube utilizo Dropbox. Tambi\u00e9n me permite de forma muy r\u00e1pida compartir v\u00eddeos y archivos pesados con compa\u00f1eros de trabajo. El plan b\u00e1sico es gratuito.<\/p>\n\n\n\n<div class=\"wp-block-button alignleft is-style-outline is-style-outline--3\"><a class=\"wp-block-button__link has-text-color has-very-light-gray-color has-background\" href=\"https:\/\/db.tt\/BULV4whS\" style=\"background-color:#ff7f43;border-radius:1px\" target=\"_blank\" rel=\"noreferrer noopener\">Prueba Dropbox  \u25ba<\/a><\/div>\n\n\n\n<div style=\"height:20px\" aria-hidden=\"true\" class=\"wp-block-spacer\"><\/div>\n\n\n\n<div style=\"height:50px\" aria-hidden=\"true\" class=\"wp-block-spacer\"><\/div>\n\n\n\n<div class=\"wp-block-image\"><figure class=\"alignleft is-resized\"><img loading=\"lazy\" decoding=\"async\" src=\"https:\/\/www.totemguard.com\/aulatotem\/wp-content\/uploads\/2018\/05\/Evernote.jpg\" alt=\"Evernote \" class=\"wp-image-18928\" width=\"152\" height=\"152\" srcset=\"https:\/\/www.totemguard.com\/aulatotem\/wp-content\/uploads\/2018\/05\/Evernote.jpg 246w, https:\/\/www.totemguard.com\/aulatotem\/wp-content\/uploads\/2018\/05\/Evernote-150x150.jpg 150w, https:\/\/www.totemguard.com\/aulatotem\/wp-content\/uploads\/2018\/05\/Evernote-35x35.jpg 35w, https:\/\/www.totemguard.com\/aulatotem\/wp-content\/uploads\/2018\/05\/Evernote-82x82.jpg 82w\" sizes=\"auto, (max-width: 152px) 100vw, 152px\" \/><\/figure><\/div>\n\n\n\n<p><strong>Evernote:<\/strong> Una de las aplicaciones m\u00e1s imprescindibles en mi trabajo. Con Evernote organizo toda la informaci\u00f3n digital y en formato papel que voy encontrando y produciendo. Evernote me permite&nbsp; capturar p\u00e1ginas web, art\u00edculos de blogs, documentos, emails, notas de audio, texto, notas manuscritas, tweets, etc y lo m\u00e1s importante poder encontrarlo f\u00e1cilmente m\u00e1s adelante. Es mi Google personalizado. Puedes conocer la utilidad de Evernote como profesor en este <a href=\"https:\/\/www.totemguard.com\/aulatotem\/2012\/09\/12-formas-de-usar-evernote-para-profesores-y-estudiantes\/\" target=\"_blank\" rel=\"noopener noreferrer\">art\u00edculo<\/a>.<\/p>\n\n\n\n<div class=\"wp-block-button alignleft is-style-outline is-style-outline--4\"><a class=\"wp-block-button__link has-text-color has-very-light-gray-color has-background\" href=\"http:\/\/evernote.grsm.io\/cc_mvinas\" style=\"background-color:#ff7f43;border-radius:1px\" target=\"_blank\" rel=\"noreferrer noopener\">Prueba Evernote  \u25ba<\/a><\/div>\n\n\n\n<div style=\"height:20px\" aria-hidden=\"true\" class=\"wp-block-spacer\"><\/div>\n\n\n\n<div style=\"height:50px\" aria-hidden=\"true\" class=\"wp-block-spacer\"><\/div>\n\n\n\n<div class=\"wp-block-image\"><figure class=\"alignleft\"><img loading=\"lazy\" decoding=\"async\" width=\"150\" height=\"150\" src=\"https:\/\/www.totemguard.com\/aulatotem\/wp-content\/uploads\/2018\/06\/Logo-vimeo-150x150.png\" alt=\"Logo vimeo\" class=\"wp-image-19136\" srcset=\"https:\/\/www.totemguard.com\/aulatotem\/wp-content\/uploads\/2018\/06\/Logo-vimeo-150x150.png 150w, https:\/\/www.totemguard.com\/aulatotem\/wp-content\/uploads\/2018\/06\/Logo-vimeo-35x35.png 35w, https:\/\/www.totemguard.com\/aulatotem\/wp-content\/uploads\/2018\/06\/Logo-vimeo-82x82.png 82w, https:\/\/www.totemguard.com\/aulatotem\/wp-content\/uploads\/2018\/06\/Logo-vimeo.png 225w\" sizes=\"auto, (max-width: 150px) 100vw, 150px\" \/><\/figure><\/div>\n\n\n\n<p><strong>Vimeo<\/strong>: Una plataforma web que permite subir y publicar tus v\u00eddeos y restringir su acceso s\u00f3lo a los sitios web que le especifiques con la cuenta de pago. De esta manera puedes proteger los v\u00eddeos que has creado para que no puedan verse por cualquier persona, sino que \u00fanicamente sean accesibles a los estudiantes que est\u00e9n registrados en la plataforma Moodle, campus virtual del centro o academia online.<\/p>\n\n\n\n<div style=\"height:20px\" aria-hidden=\"true\" class=\"wp-block-spacer\"><\/div>\n\n\n\n<div class=\"wp-block-button alignleft is-style-outline is-style-outline--5\"><a class=\"wp-block-button__link has-text-color has-very-light-gray-color has-background\" href=\"https:\/\/vimeo.com\/es\/upgrade?utm_campaign=32031&amp;utm_channel=affiliate&amp;utm_medium=banner&amp;vcid=32031\" style=\"background-color:#ff7f43;border-radius:1px\" target=\"_blank\" rel=\"noreferrer noopener\">Prueba Vimeo  \u25ba<\/a><\/div>\n","protected":false},"excerpt":{"rendered":"<p>\u00a1Aqu\u00ed tienes una lista de los recursos, aplicaciones y herramientas que te ayudar\u00e1n en las distintas facetas de tu trabajo de docente! Muchos profesores y profesoras me preguntan a menudo qu\u00e9 recursos considero esenciales en mi labor profesional como formadora.&nbsp;Hay tantas opciones que sienten abrumados a la hora de elegir. A continuaci\u00f3n encontrar\u00e1s una lista [&hellip;]<\/p>\n","protected":false},"author":2,"featured_media":21730,"parent":0,"menu_order":0,"comment_status":"closed","ping_status":"closed","template":"","meta":{"jetpack_post_was_ever_published":false,"footnotes":""},"class_list":["post-19099","page","type-page","status-publish","has-post-thumbnail","hentry"],"aioseo_notices":[],"jetpack_sharing_enabled":true,"_links":{"self":[{"href":"https:\/\/www.totemguard.com\/aulatotem\/wp-json\/wp\/v2\/pages\/19099","targetHints":{"allow":["GET"]}}],"collection":[{"href":"https:\/\/www.totemguard.com\/aulatotem\/wp-json\/wp\/v2\/pages"}],"about":[{"href":"https:\/\/www.totemguard.com\/aulatotem\/wp-json\/wp\/v2\/types\/page"}],"author":[{"embeddable":true,"href":"https:\/\/www.totemguard.com\/aulatotem\/wp-json\/wp\/v2\/users\/2"}],"replies":[{"embeddable":true,"href":"https:\/\/www.totemguard.com\/aulatotem\/wp-json\/wp\/v2\/comments?post=19099"}],"version-history":[{"count":116,"href":"https:\/\/www.totemguard.com\/aulatotem\/wp-json\/wp\/v2\/pages\/19099\/revisions"}],"predecessor-version":[{"id":23132,"href":"https:\/\/www.totemguard.com\/aulatotem\/wp-json\/wp\/v2\/pages\/19099\/revisions\/23132"}],"wp:featuredmedia":[{"embeddable":true,"href":"https:\/\/www.totemguard.com\/aulatotem\/wp-json\/wp\/v2\/media\/21730"}],"wp:attachment":[{"href":"https:\/\/www.totemguard.com\/aulatotem\/wp-json\/wp\/v2\/media?parent=19099"}],"curies":[{"name":"wp","href":"https:\/\/api.w.org\/{rel}","templated":true}]}}